{"id":2617,"date":"2020-06-29T18:07:54","date_gmt":"2020-06-29T16:07:54","guid":{"rendered":"https:\/\/club.kenevi.com\/?post_type=product&#038;p=2617"},"modified":"2021-07-30T09:48:35","modified_gmt":"2021-07-30T07:48:35","slug":"athena-di-grecia","status":"publish","type":"product","link":"https:\/\/club.kenevi.com\/index.php\/produit\/athena-di-grecia\/","title":{"rendered":"ATHENA DI GRECIA : Cr\u00e8me de soja, chorizo v\u00e9g\u00e9tal, tomates confites, broccoli, ciboulette"},"content":{"rendered":"<p>Cr\u00e8me de soja, chorizo v\u00e9g\u00e9tal, tomates confites, broccoli, ciboulette<\/p>\n","protected":false},"excerpt":{"rendered":"<p>Cr\u00e8me de soja, chorizo v\u00e9g\u00e9tal, tomates confites, broccoli, ciboulette<\/p>\n","protected":false},"featured_media":2619,"comment_status":"open","ping_status":"closed","template":"","meta":[],"product_cat":[15],"product_tag":[],"_links":{"self":[{"href":"https:\/\/club.kenevi.com\/index.php\/wp-json\/wp\/v2\/product\/2617"}],"collection":[{"href":"https:\/\/club.kenevi.com\/index.php\/wp-json\/wp\/v2\/product"}],"about":[{"href":"https:\/\/club.kenevi.com\/index.php\/wp-json\/wp\/v2\/types\/product"}],"replies":[{"embeddable":true,"href":"https:\/\/club.kenevi.com\/index.php\/wp-json\/wp\/v2\/comments?post=2617"}],"wp:featuredmedia":[{"embeddable":true,"href":"https:\/\/club.kenevi.com\/index.php\/wp-json\/wp\/v2\/media\/2619"}],"wp:attachment":[{"href":"https:\/\/club.kenevi.com\/index.php\/wp-json\/wp\/v2\/media?parent=2617"}],"wp:term":[{"taxonomy":"product_cat","embeddable":true,"href":"https:\/\/club.kenevi.com\/index.php\/wp-json\/wp\/v2\/product_cat?post=2617"},{"taxonomy":"product_tag","embeddable":true,"href":"https:\/\/club.kenevi.com\/index.php\/wp-json\/wp\/v2\/product_tag?post=2617"}],"curies":[{"name":"wp","href":"https:\/\/api.w.org\/{rel}","templated":true}]}}