{"id":2615,"date":"2020-06-29T17:36:33","date_gmt":"2020-06-29T15:36:33","guid":{"rendered":"https:\/\/club.kenevi.com\/?post_type=product&#038;p=2615"},"modified":"2024-08-09T14:17:52","modified_gmt":"2024-08-09T12:17:52","slug":"pera","status":"publish","type":"product","link":"https:\/\/club.kenevi.com\/index.php\/produit\/pera\/","title":{"rendered":"PERA : Cr\u00e8me fraiche, poire, copeaux de chocolat, amandes effil\u00e9es"},"content":{"rendered":"<p>Cr\u00e8me fraiche, poire, copeaux de chocolat, amandes effil\u00e9es<\/p>\n","protected":false},"excerpt":{"rendered":"<p>Cr\u00e8me fraiche, poire, copeaux de chocolat, amandes effil\u00e9es<\/p>\n","protected":false},"featured_media":2611,"comment_status":"open","ping_status":"closed","template":"","meta":[],"product_cat":[28],"product_tag":[],"_links":{"self":[{"href":"https:\/\/club.kenevi.com\/index.php\/wp-json\/wp\/v2\/product\/2615"}],"collection":[{"href":"https:\/\/club.kenevi.com\/index.php\/wp-json\/wp\/v2\/product"}],"about":[{"href":"https:\/\/club.kenevi.com\/index.php\/wp-json\/wp\/v2\/types\/product"}],"replies":[{"embeddable":true,"href":"https:\/\/club.kenevi.com\/index.php\/wp-json\/wp\/v2\/comments?post=2615"}],"wp:featuredmedia":[{"embeddable":true,"href":"https:\/\/club.kenevi.com\/index.php\/wp-json\/wp\/v2\/media\/2611"}],"wp:attachment":[{"href":"https:\/\/club.kenevi.com\/index.php\/wp-json\/wp\/v2\/media?parent=2615"}],"wp:term":[{"taxonomy":"product_cat","embeddable":true,"href":"https:\/\/club.kenevi.com\/index.php\/wp-json\/wp\/v2\/product_cat?post=2615"},{"taxonomy":"product_tag","embeddable":true,"href":"https:\/\/club.kenevi.com\/index.php\/wp-json\/wp\/v2\/product_tag?post=2615"}],"curies":[{"name":"wp","href":"https:\/\/api.w.org\/{rel}","templated":true}]}}