{"id":2383,"date":"2020-04-23T09:04:40","date_gmt":"2020-04-23T07:04:40","guid":{"rendered":"https:\/\/club.kenevi.com\/?post_type=product&#038;p=2383"},"modified":"2024-07-03T03:01:40","modified_gmt":"2024-07-03T01:01:40","slug":"brie-tomate","status":"publish","type":"product","link":"https:\/\/club.kenevi.com\/index.php\/produit\/brie-tomate\/","title":{"rendered":"CAMPANIA DI GIOVANNI : Cr\u00e8me fra\u00eeche, mozarella, champignons, jambon cuit, origan"},"content":{"rendered":"<p>Cr\u00e8me fra\u00eeche, mozarella, champignons, jambon cuit, origan<\/p>\n","protected":false},"excerpt":{"rendered":"<p><img decoding=\"async\" loading=\"lazy\" class=\"alignnone size-medium wp-image-2619\" src=\"https:\/\/club.kenevi.com\/wp-content\/uploads\/2020\/04\/vegan-300x230.jpg\" alt=\"\" width=\"300\" height=\"230\" srcset=\"https:\/\/club.kenevi.com\/wp-content\/uploads\/2020\/04\/vegan-300x230.jpg 300w, https:\/\/club.kenevi.com\/wp-content\/uploads\/2020\/04\/vegan.jpg 316w\" sizes=\"(max-width: 300px) 100vw, 300px\" \/>Cr\u00e8me fra\u00eeche, mozarella, champignons, jambon cuit, origan<\/p>\n","protected":false},"featured_media":2611,"comment_status":"open","ping_status":"closed","template":"","meta":[],"product_cat":[15],"product_tag":[],"_links":{"self":[{"href":"https:\/\/club.kenevi.com\/index.php\/wp-json\/wp\/v2\/product\/2383"}],"collection":[{"href":"https:\/\/club.kenevi.com\/index.php\/wp-json\/wp\/v2\/product"}],"about":[{"href":"https:\/\/club.kenevi.com\/index.php\/wp-json\/wp\/v2\/types\/product"}],"replies":[{"embeddable":true,"href":"https:\/\/club.kenevi.com\/index.php\/wp-json\/wp\/v2\/comments?post=2383"}],"wp:featuredmedia":[{"embeddable":true,"href":"https:\/\/club.kenevi.com\/index.php\/wp-json\/wp\/v2\/media\/2611"}],"wp:attachment":[{"href":"https:\/\/club.kenevi.com\/index.php\/wp-json\/wp\/v2\/media?parent=2383"}],"wp:term":[{"taxonomy":"product_cat","embeddable":true,"href":"https:\/\/club.kenevi.com\/index.php\/wp-json\/wp\/v2\/product_cat?post=2383"},{"taxonomy":"product_tag","embeddable":true,"href":"https:\/\/club.kenevi.com\/index.php\/wp-json\/wp\/v2\/product_tag?post=2383"}],"curies":[{"name":"wp","href":"https:\/\/api.w.org\/{rel}","templated":true}]}}